{"id":11,"date":"2020-06-09T03:28:24","date_gmt":"2020-06-09T03:28:24","guid":{"rendered":"http:\/\/sw-themes.com\/porto_dummy\/?page_id=11"},"modified":"2023-10-28T11:57:08","modified_gmt":"2023-10-28T11:57:08","slug":"oz-gecmis","status":"publish","type":"page","link":"https:\/\/www.hypospadiasclinic.com\/en\/oz-gecmis\/","title":{"rendered":"Curriculum Vitae"},"content":{"rendered":"<div class=\"vc_row wpb_row porto-inner-container\"><div class=\"porto-wrap-container container\"><div class=\"row\"><div class=\"vc_column_container col-md-6\"><div class=\"wpb_wrapper vc_column-inner\"><div class=\"vc_empty_space\"   style=\"height: 32px\"><span class=\"vc_empty_space_inner\"><\/span><\/div><h3 style=\"font-size: 1.8em;line-height: 1\" data-appear-animation=\"fadeInUp\" data-appear-animation-delay=\"200\" class=\"vc_custom_heading mb-2 align-left text-capitalize\">Prof. Dr. Murat ALKAN<\/h3><div class=\"porto-separator   custom-separator customLineProgressAnim my-3\"><hr class=\"separator-line  wpb_animate_when_almost_visible wpb_left-to-right left-to-right align_left solid\" style=\"background-color:#00537f;height:4px;width:10%;\"><\/div>\n\t<div class=\"wpb_text_column wpb_content_element\" >\n\t\t<div class=\"wpb_wrapper\">\n\t\t\t<p>Prof. Dr Murat Alkan was born in Mersin. He graduated from \u0130\u00e7el Anatolian High School '90. In 1993, he did general surgery internship in Poland- Gdansk Academia Hospital. In 1996, he graduated from Akdeniz University Faculty of Medicine. Between 1996 and 1998, he worked as a general practitioner in private institutions in Mersin. In 1998, he started his specialisation in Pediatric Surgery at Hacettepe University Faculty of Medicine and received his speciality certificate in Pediatric Surgery in 2004. His paediatric surgery speciality thesis was on endoscopic treatment of vesicoureteral reflux which is frequently encountered in paediatric urology.<\/p>\n<p>Between 2004-2007, he worked as a paediatric surgery specialist at Ba\u015fkent University Faculty of Medicine Adana Practice and Research Hospital. In 2008, he continued to work at \u00c7ukurova University Faculty of Medicine, Department of Paediatric Surgery. In 2008-2009, he worked as an observer in Ege University Faculty of Medicine, Department of Paediatric Urology and received laparoscopy training-certificate and diploma in France-Strasburg. In 2010, he received the European Academy of Paediatric Urology Fellowship (speciality, FEAPU) certificate.<\/p>\n<p>He received his associate professorship title and paediatric urology subspecialty certificate at \u00c7ukurova University in 2011. In 2017, he received the title of professor. Until 2020, he worked as a faculty member at \u00c7ukurova University Faculty of Medicine, Department of Paediatric Surgery. He is a member of Turkish Society of Child Surgery (TCCD), Paediatric Urology Association (PEDURO), European Society of Paediatric Urology (ESPU). He is a member of the board of directors of the Paediatric Urology Association and is the chairman of the education board of the association. Dr Alkan is married and has two daughters.<\/p>\n\n\t\t<\/div>\n\t<\/div>\n<\/div><\/div><div class=\"vc_column_container col-md-6\"><div class=\"wpb_wrapper vc_column-inner\"><div class=\"vc_empty_space\"   style=\"height: 32px\"><span class=\"vc_empty_space_inner\"><\/span><\/div>\n\t<div class=\"wpb_single_image wpb_content_element vc_align_left\">\n\t\t<div class=\"wpb_wrapper\">\n\t\t\t\n\t\t\t<div class=\"vc_single_image-wrapper vc_box_rounded  vc_box_border_grey\"><img loading=\"lazy\" decoding=\"async\" width=\"461\" height=\"716\" src=\"https:\/\/www.hypospadiasclinic.com\/wp-content\/uploads\/2023\/10\/hakkimda-1-2.jpg\" class=\"vc_single_image-img attachment-full\" alt=\"\" title=\"hakkimda-\" srcset=\"https:\/\/www.hypospadiasclinic.com\/wp-content\/uploads\/2023\/10\/hakkimda-1-2.jpg 461w, https:\/\/www.hypospadiasclinic.com\/wp-content\/uploads\/2023\/10\/hakkimda-1-2-400x621.jpg 400w\" sizes=\"auto, (max-width: 461px) 100vw, 461px\" \/><\/div>\n\t\t<\/div>\n\t<\/div>\n<\/div><\/div><\/div><\/div><\/div>","protected":false},"excerpt":{"rendered":"Prof. Dr. Murat ALKAN Prof. Dr. Murat Alkan Mersin do\u011fumludur. \u0130\u00e7el Anadolu Lisesi \u201990 mezunudur. 1993 y\u0131l\u0131nda Polonya- Gdansk Academia Hospital\u2019da genel cerrahi staj\u0131 yapm\u0131\u015ft\u0131r. 1996 y\u0131l\u0131nda Akdeniz \u00dcniversitesi T\u0131p Fak\u00fcltesi\u2019ni bitirmi\u015ftir. 1996-1998 y\u0131llar\u0131 aras\u0131nda Mersin\u2019de \u00f6zel kurulu\u015flarda pratisyen hekim olarak \u00e7al\u0131\u015fm\u0131\u015ft\u0131r. 1998 y\u0131l\u0131nda Hacettepe \u00dcniversitesi T\u0131p Fak\u00fcltesi \u00c7ocuk Cerrahisi ihtisas\u0131na ba\u015flam\u0131\u015f ve 2004 y\u0131l\u0131nda [...]","protected":false},"author":1,"featured_media":0,"parent":0,"menu_order":0,"comment_status":"closed","ping_status":"closed","template":"","meta":{"footnotes":""},"class_list":["post-11","page","type-page","status-publish","hentry"],"_links":{"self":[{"href":"https:\/\/www.hypospadiasclinic.com\/en\/wp-json\/wp\/v2\/pages\/11","targetHints":{"allow":["GET"]}}],"collection":[{"href":"https:\/\/www.hypospadiasclinic.com\/en\/wp-json\/wp\/v2\/pages"}],"about":[{"href":"https:\/\/www.hypospadiasclinic.com\/en\/wp-json\/wp\/v2\/types\/page"}],"author":[{"embeddable":true,"href":"https:\/\/www.hypospadiasclinic.com\/en\/wp-json\/wp\/v2\/users\/1"}],"replies":[{"embeddable":true,"href":"https:\/\/www.hypospadiasclinic.com\/en\/wp-json\/wp\/v2\/comments?post=11"}],"version-history":[{"count":22,"href":"https:\/\/www.hypospadiasclinic.com\/en\/wp-json\/wp\/v2\/pages\/11\/revisions"}],"predecessor-version":[{"id":871,"href":"https:\/\/www.hypospadiasclinic.com\/en\/wp-json\/wp\/v2\/pages\/11\/revisions\/871"}],"wp:attachment":[{"href":"https:\/\/www.hypospadiasclinic.com\/en\/wp-json\/wp\/v2\/media?parent=11"}],"curies":[{"name":"wp","href":"https:\/\/api.w.org\/{rel}","templated":true}]}}