{"id":6,"date":"2020-06-09T03:19:06","date_gmt":"2020-06-09T03:19:06","guid":{"rendered":"http:\/\/sw-themes.com\/porto_dummy\/?page_id=6"},"modified":"2023-10-28T10:17:53","modified_gmt":"2023-10-28T10:17:53","slug":"iletisim","status":"publish","type":"page","link":"https:\/\/www.hypospadiasclinic.com\/en\/iletisim\/","title":{"rendered":"Contact Us"},"content":{"rendered":"<div class=\"vc_row wpb_row row\"><div class=\"vc_column_container col-md-12\"><div class=\"wpb_wrapper vc_column-inner\"><div class=\"vc_empty_space\"   style=\"height: 32px\"><span class=\"vc_empty_space_inner\"><\/span><\/div><\/div><\/div><\/div><div class=\"vc_row wpb_row porto-inner-container\"><div class=\"porto-wrap-container container\"><div class=\"row\"><div class=\"vc_column_container col-md-12\"><div class=\"wpb_wrapper vc_column-inner\"><div class=\"vc_row wpb_row vc_inner row\"><div class=\"vc_column_container col-md-3\"><div class=\"wpb_wrapper vc_column-inner\"><a class=\"porto-sicon-box-link\" href=\"https:\/\/maps.app.goo.gl\/hA8SP5E57vTnxFb5A\" target='_blank'><div class=\"porto-sicon-box  wpb_custom_1efe903570d178ff0a9b7bfa5febd3a4 style_1 top-icon\"><div class=\"porto-sicon-top\"><div id=\"porto-icon-12549720736a031f6240960\" class=\"porto-just-icon-wrapper porto-sicon-img\" style=\"font-size: 60px;\"><img loading=\"lazy\" decoding=\"async\" class=\"img-icon\" alt=\"\" src=\"https:\/\/www.hypospadiasclinic.com\/wp-content\/uploads\/2023\/09\/icon-location.png\" width=\"133\" height=\"133\" \/><\/div><\/div><div class=\"porto-sicon-header\"><h4 class=\"porto-sicon-title\" style=\"font-weight:700;\">Address<\/h4><p>G\u00fczelyal\u0131 Mahallesi U\u011fur Mumcu Bulvar\u0131 Adana Kule Apt. No: 2\/1 \u00c7ukurova \/ ADANA \/ TURKIYE<\/p><\/div> <!-- header --><\/div><!-- porto-sicon-box --><\/a><\/div><\/div><div class=\"vc_column_container col-md-3\"><div class=\"wpb_wrapper vc_column-inner\"><a class=\"porto-sicon-box-link\" href=\"tel: 905447920101\"><div class=\"porto-sicon-box  wpb_custom_1efe903570d178ff0a9b7bfa5febd3a4 style_1 top-icon\"><div class=\"porto-sicon-top\"><div id=\"porto-icon-6116684316a031f6240d0b\" class=\"porto-just-icon-wrapper porto-sicon-img\" style=\"font-size: 60px;\"><img loading=\"lazy\" decoding=\"async\" class=\"img-icon\" alt=\"\" src=\"https:\/\/www.hypospadiasclinic.com\/wp-content\/uploads\/2023\/09\/icon-phone.png\" width=\"133\" height=\"133\" \/><\/div><\/div><div class=\"porto-sicon-header\"><h4 class=\"porto-sicon-title\" style=\"font-weight:700;\">Phone<\/h4><p>+90 (544) 792 01 01<\/p><\/div> <!-- header --><\/div><!-- porto-sicon-box --><\/a><\/div><\/div><div class=\"vc_column_container col-md-3\"><div class=\"wpb_wrapper vc_column-inner\"><a class=\"porto-sicon-box-link\" href=\"mailto:drmuratalkan@gmail.com\"><div class=\"porto-sicon-box  wpb_custom_1efe903570d178ff0a9b7bfa5febd3a4 style_1 top-icon\"><div class=\"porto-sicon-top\"><div id=\"porto-icon-7788243436a031f6241082\" class=\"porto-just-icon-wrapper porto-sicon-img\" style=\"font-size: 60px;\"><img loading=\"lazy\" decoding=\"async\" class=\"img-icon\" alt=\"\" src=\"https:\/\/www.hypospadiasclinic.com\/wp-content\/uploads\/2023\/09\/icon-envelope.png\" width=\"133\" height=\"133\" \/><\/div><\/div><div class=\"porto-sicon-header\"><h4 class=\"porto-sicon-title\" style=\"font-weight:700;\">E-Mail<\/h4><p>drmuratalkan@gmail.com<\/p><\/div> <!-- header --><\/div><!-- porto-sicon-box --><\/a><\/div><\/div><div class=\"vc_column_container col-md-3\"><div class=\"wpb_wrapper vc_column-inner\"><a class=\"porto-sicon-box-link\" href=\"https:\/\/maps.app.goo.gl\/hA8SP5E57vTnxFb5A\"><div class=\"porto-sicon-box  wpb_custom_1efe903570d178ff0a9b7bfa5febd3a4 style_1 top-icon\"><div class=\"porto-sicon-top\"><div id=\"porto-icon-9613479216a031f624137c\" class=\"porto-just-icon-wrapper porto-sicon-img\" style=\"font-size: 60px;\"><img loading=\"lazy\" decoding=\"async\" class=\"img-icon\" alt=\"\" src=\"https:\/\/www.hypospadiasclinic.com\/wp-content\/uploads\/2023\/09\/icon-calendar.png\" width=\"133\" height=\"133\" \/><\/div><\/div><div class=\"porto-sicon-header\"><h4 class=\"porto-sicon-title\" style=\"font-weight:700;\">Working Hours<\/h4><p>Monday - Friday \/ 09:00 - 18:00 Saturday \/ 09:00 - 12:00<\/p><\/div> <!-- header --><\/div><!-- porto-sicon-box --><\/a><\/div><\/div><\/div><\/div><\/div><\/div><\/div><\/div><div class=\"vc_row wpb_row porto-inner-container\"><div class=\"porto-wrap-container container\"><div class=\"row\"><div class=\"vc_column_container col-md-12\"><div class=\"wpb_wrapper vc_column-inner\"><div class=\"vc_empty_space\"   style=\"height: 32px\"><span class=\"vc_empty_space_inner\"><\/span><\/div><div class=\"vc_separator vc_text_separator vc_separator_align_center vc_sep_width_100 vc_sep_pos_align_center\">\n\t<span class=\"vc_sep_holder vc_sep_holder_l\"><span style=\"background-image: -webkit-linear-gradient(left, transparent, grey);\t background-image: linear-gradient(to right, transparent, grey);\" class=\"vc_sep_line\"><\/span><\/span>\n\t\t\t\t<h4>Practice Location<\/h4>\t<span class=\"vc_sep_holder vc_sep_holder_r\"><span style=\"background-image: -webkit-linear-gradient(left, grey, transparent);\t background-image: linear-gradient(to right, grey, transparent);\" class=\"vc_sep_line\"><\/span><\/span>\n<\/div>\n<div class=\"wpb_gmaps_widget wpb_content_element\"><div class=\"wpb_wrapper\"><div class=\"wpb_map_wraper\"><iframe src=\"https:\/\/www.google.com\/maps\/embed?pb=!1m14!1m8!1m3!1d12737.657900119993!2d35.3024295!3d37.047605!3m2!1i1024!2i768!4f13.1!3m3!1m2!1s0x15288f6aca458489%3A0x9842ae40f1c577f7!2sProf.Dr.%20Murat%20ALKAN%20-%20Adana%20%C3%87ocuk%20Cerrahisi%20ve%20%C3%87ocuk%20%C3%9Crolojisi%20Uzman%C4%B1%20-%20Hipospadias%20-%20S%C3%BCnnet!5e0!3m2!1str!2str!4v1697094829381!5m2!1str!2str\" width=\"600\" height=\"450\" style=\"border:0;\" allowfullscreen=\"\" loading=\"lazy\" referrerpolicy=\"no-referrer-when-downgrade\"><\/iframe><\/div><\/div><\/div><\/div><\/div><div class=\"vc_column_container col-md-12\"><div class=\"wpb_wrapper vc_column-inner\"><\/div><\/div><\/div><\/div><\/div>","protected":false},"excerpt":{"rendered":"AdresG\u00fczelyal\u0131 Mahallesi U\u011fur Mumcu Bulvar\u0131 Adana Kule Apt. No: 2\/1 \u00c7ukurova \/ ADANA Telefon+90 (544) 792 01 01 E-Maildrmuratalkan@gmail.com \u00c7al\u0131\u015fma SaatleriPazartesi - Cuma \/ 09:00 - 18:00 Cumartesi \/ 09:00 - 12:00 Muayenehane Lokasyon","protected":false},"author":1,"featured_media":0,"parent":0,"menu_order":0,"comment_status":"closed","ping_status":"closed","template":"","meta":{"footnotes":""},"class_list":["post-6","page","type-page","status-publish","hentry"],"_links":{"self":[{"href":"https:\/\/www.hypospadiasclinic.com\/en\/wp-json\/wp\/v2\/pages\/6","targetHints":{"allow":["GET"]}}],"collection":[{"href":"https:\/\/www.hypospadiasclinic.com\/en\/wp-json\/wp\/v2\/pages"}],"about":[{"href":"https:\/\/www.hypospadiasclinic.com\/en\/wp-json\/wp\/v2\/types\/page"}],"author":[{"embeddable":true,"href":"https:\/\/www.hypospadiasclinic.com\/en\/wp-json\/wp\/v2\/users\/1"}],"replies":[{"embeddable":true,"href":"https:\/\/www.hypospadiasclinic.com\/en\/wp-json\/wp\/v2\/comments?post=6"}],"version-history":[{"count":13,"href":"https:\/\/www.hypospadiasclinic.com\/en\/wp-json\/wp\/v2\/pages\/6\/revisions"}],"predecessor-version":[{"id":851,"href":"https:\/\/www.hypospadiasclinic.com\/en\/wp-json\/wp\/v2\/pages\/6\/revisions\/851"}],"wp:attachment":[{"href":"https:\/\/www.hypospadiasclinic.com\/en\/wp-json\/wp\/v2\/media?parent=6"}],"curies":[{"name":"wp","href":"https:\/\/api.w.org\/{rel}","templated":true}]}}