{"id":774,"date":"2023-10-12T08:07:50","date_gmt":"2023-10-12T08:07:50","guid":{"rendered":"https:\/\/www.hypospadiasclinic.com\/?page_id=774"},"modified":"2023-10-28T12:44:27","modified_gmt":"2023-10-28T12:44:27","slug":"hypospadias","status":"publish","type":"page","link":"https:\/\/www.hypospadiasclinic.com\/en\/hypospadias\/","title":{"rendered":"Hypospadias"},"content":{"rendered":"<div class=\"vc_row wpb_row row\"><div class=\"vc_column_container col-md-7\"><div class=\"wpb_wrapper vc_column-inner\"><div class=\"vc_empty_space\"   style=\"height: 20px\"><span class=\"vc_empty_space_inner\"><\/span><\/div>\n\t<div class=\"wpb_text_column wpb_content_element\" >\n\t\t<div class=\"wpb_wrapper\">\n\t\t\t<p><span style=\"font-size: 17px;\">Hypospadias is popularly known as 'prophet circumcision'. It is a condition that requires surgical intervention in boys born half circumcised. It is characterised by the absence of the urination hole where it should be and the curvature of the penis. It is seen in every 200-300 male newborns. So it is more common than thought. Although the cause is not known exactly, it is related to genetic, hormonal and environmental factors.  Seventy per cent of the cases are mild cases. In mild cases, curvature of the penis and correction of the urination hole can be solved in a single operation with circumcision, while in severe cases, correction may be required in several operations.<\/span><\/p>\n<p><span style=\"font-size: 17px;\">The ideal age of surgery is between 6-18 months. Children with hypospadias should never be circumcised without correction. Because the foreskin can be used to correct the penis during hypospadias surgery.<\/span><\/p>\n<p><span style=\"font-size: 17px;\">Hypospadias surgery aims for a near-normal appearance, normal urination and normal sexual intercourse in advanced age periods.<\/span><\/p>\n<p><span style=\"font-size: 17px;\">It is very important to choose the right plan and the right surgical methods in hypospadias surgeries. Otherwise, the problems that may be experienced after repeated surgeries will appear exponentially and reduce our success rate.<\/span><\/p>\n<p><span style=\"font-size: 17px;\">The success of the operation depends on the surgeon's experience in hypospadias and the number of hypospadias operations performed annually. As in every surgery, undesirable results can be obtained in surgeries performed in competent hands, even if the percentage is low.<\/span><\/p>\n\n\t\t<\/div>\n\t<\/div>\n<\/div><\/div><div class=\"vc_column_container col-md-5\"><div class=\"wpb_wrapper vc_column-inner\">\n\t<div class=\"wpb_single_image wpb_content_element vc_align_left\">\n\t\t<div class=\"wpb_wrapper\">\n\t\t\t\n\t\t\t<div class=\"vc_single_image-wrapper vc_box_rounded  vc_box_border_grey\"><img loading=\"lazy\" decoding=\"async\" width=\"768\" height=\"1024\" src=\"https:\/\/www.hypospadiasclinic.com\/wp-content\/uploads\/2023\/10\/400c204d-8b8d-4861-8cfe-d169f26b7d52-1.jpeg\" class=\"vc_single_image-img attachment-full\" alt=\"\" title=\"400c204d-8b8d-4861-8cfe-d169f26b7d52\" srcset=\"https:\/\/www.hypospadiasclinic.com\/wp-content\/uploads\/2023\/10\/400c204d-8b8d-4861-8cfe-d169f26b7d52-1.jpeg 768w, https:\/\/www.hypospadiasclinic.com\/wp-content\/uploads\/2023\/10\/400c204d-8b8d-4861-8cfe-d169f26b7d52-1-640x853.jpeg 640w, https:\/\/www.hypospadiasclinic.com\/wp-content\/uploads\/2023\/10\/400c204d-8b8d-4861-8cfe-d169f26b7d52-1-400x533.jpeg 400w\" sizes=\"auto, (max-width: 768px) 100vw, 768px\" \/><\/div>\n\t\t<\/div>\n\t<\/div>\n<\/div><\/div><\/div>","protected":false},"excerpt":{"rendered":"Hipospadias halk aras\u0131nda \u2018peygamber s\u00fcnneti\u2019 olarak bilinir. Yar\u0131m s\u00fcnnetli do\u011fan erkek \u00e7ocuklardaki cerrahi giri\u015fim gerektiren bir durumdur. \u0130\u015feme deli\u011finin olmas\u0131 gereken yerde olmamas\u0131 ve penisin e\u011frili\u011fi ile karakterizedir. Her 200-300 erkek yenido\u011fanda bir g\u00f6r\u00fcl\u00fcr. Yani d\u00fc\u015f\u00fcn\u00fclenden daha s\u0131kt\u0131r. Sebebi tam olarak bilinmemekle birlikte genetik, hormonal ve \u00e7evresel fakt\u00f6rlerle ili\u015fkilidir. \u00a0Olgular\u0131n %70\u2019i hafif olgulard\u0131r. Hafif olgularda [...]","protected":false},"author":1,"featured_media":0,"parent":0,"menu_order":0,"comment_status":"closed","ping_status":"closed","template":"","meta":{"footnotes":""},"class_list":["post-774","page","type-page","status-publish","hentry"],"_links":{"self":[{"href":"https:\/\/www.hypospadiasclinic.com\/en\/wp-json\/wp\/v2\/pages\/774","targetHints":{"allow":["GET"]}}],"collection":[{"href":"https:\/\/www.hypospadiasclinic.com\/en\/wp-json\/wp\/v2\/pages"}],"about":[{"href":"https:\/\/www.hypospadiasclinic.com\/en\/wp-json\/wp\/v2\/types\/page"}],"author":[{"embeddable":true,"href":"https:\/\/www.hypospadiasclinic.com\/en\/wp-json\/wp\/v2\/users\/1"}],"replies":[{"embeddable":true,"href":"https:\/\/www.hypospadiasclinic.com\/en\/wp-json\/wp\/v2\/comments?post=774"}],"version-history":[{"count":8,"href":"https:\/\/www.hypospadiasclinic.com\/en\/wp-json\/wp\/v2\/pages\/774\/revisions"}],"predecessor-version":[{"id":874,"href":"https:\/\/www.hypospadiasclinic.com\/en\/wp-json\/wp\/v2\/pages\/774\/revisions\/874"}],"wp:attachment":[{"href":"https:\/\/www.hypospadiasclinic.com\/en\/wp-json\/wp\/v2\/media?parent=774"}],"curies":[{"name":"wp","href":"https:\/\/api.w.org\/{rel}","templated":true}]}}