{"id":824,"date":"2023-10-28T09:14:45","date_gmt":"2023-10-28T09:14:45","guid":{"rendered":"https:\/\/www.hypospadiasclinic.com\/?page_id=824"},"modified":"2023-10-28T09:14:45","modified_gmt":"2023-10-28T09:14:45","slug":"yayinlarim","status":"publish","type":"page","link":"https:\/\/www.hypospadiasclinic.com\/en\/yayinlarim\/","title":{"rendered":"Publications"},"content":{"rendered":"<p><strong>International and national published articles<\/strong><\/p>\n<ol>\n<li><strong>Alkan M,<\/strong>\u00a0Karnak I, Ciftci AO, Tanyel FC. Thymic teratoma or thymic remnant attached to mediastinal teratoma? The cellular origin of mediastinal teratomas revisited. Eur J Pediatr Surg. 2004 Apr;14(2):117-9.<\/li>\n<li><strong>Alkan M,<\/strong>\u00a0Buyukyavuz I, Dogru D, Yalcin E, Karnak I. Tracheoesophageal fistula due to disc-battery ingestion. Eur J Pediatr Surg. 2004 Aug;14(4):274-8. Review<\/li>\n<li><strong>Alkan M<\/strong>, Talim B, Ciftci AO, Senocak ME, Caglar M, B\u00fcy\u00fckpamuk\u00e7u N. Histological response to injected gluteraldehyde cross-linked bovine collagen based implant in a rat model. BMC Urol. 2006 Feb 18;6:3<\/li>\n<li><strong>Alkan M,<\/strong>\u00a0Ciftci AO, Talim B, Senocak ME, Caglar M, Buyukpamukcu N. Histological response to injected dextranomer-based implant in a rat model. Pediatr Surg Int. 2007 Feb;23(2):183-7. Epub 2006 Oct 17.<\/li>\n<li>O\u011fuzkurt P, Ozalevli SS,\u00a0<strong>Alkan M<\/strong>, Kayaselcuk F, Hi\u00e7s\u00f6nmez A. Unusual case of bladder duplication: complete duplication in coronal plane with single urethra and no associated anomalies. Urology. 2006 Nov; 68(5):1121.e1-3.<\/li>\n<li><strong>Alkan M<\/strong>, Oguzkurt P, Alkan O, Ezer SS, Hicsonmez A. A Rare but Serious Complication of Ladd\u2019s Procedure: Recurrent Midgut Volvulus. Case Rep Gastroenterol 2007; 1:130-4.<\/li>\n<li>O\u011fuzkurt P, Kayasel\u00e7uk F, Tuncer I,\u00a0<strong>Alkan M<\/strong>, Hi\u00e7s\u00f6nmez A. Evaluation of extracellular matrix protein composition in sacs associated with undescended testis, hydrocele, inguinal hernia, and peritoneum. Urology. 2007 Aug;70(2):346-50.<\/li>\n<li><strong>Alkan M<\/strong>, Oguzkurt P, Ezer SS, Ince E, Hicsonmez A. Evaluation of the results of eccentric circummeatal-based flap with combined limited urethral mobilization technique for distal hypospadias repair. J Pediatr Urol. 2008 Jun;4(3):206-9. Epub 2008 Jan 14.<\/li>\n<li><strong>Alkan M<\/strong>, Ciftci AO, Senocak ME, Tanyel FC, Buyukpamukcu N.Endoscopic treatment of vesicoureteral reflux in children: our experience and analysis of factors affecting success rate. Urol Int. 2008;81(1):41-6. Epub 2008 Jul 16<\/li>\n<li><strong>Alkan M<\/strong>, Turker M, Kelle AP, Yapar Z, Okur H, Olcay I. Radionuclide Imaging of Jejunoileal Duplication Cyst in a Child. Clin Nucl Med (Accepted, Volume 34, Number 1, Jan 2009)<\/li>\n<li><strong>Alkan M,<\/strong>\u00a0Oz\u00e7elik Z, Keskin E, Zorludemir U, Olcay I. Fetal Urinary Ascites in a Neonate without Detectable Obstructive Uropathy or Neurogenic Bladder Etiology. J Pediatr Urol. 2009 Apr;5(2):151-3.<\/li>\n<li><strong>Alkan M<\/strong>, G\u00fcler G, Yildirim F, Doran F, Zorludemir U, Olcay I.<a href=\"http:\/\/www.ncbi.nlm.nih.gov\/pubmed\/19821212?itool=EntrezSystem2.PEntrez.Pubmed.Pubmed_ResultsPanel.Pubmed_RVDocSum&amp;ordinalpos=1\">Perforation of an inflamed Meckel\u2019s diverticulum in a newborn: report of a case.<\/a>\u00a0Turk J Gastroenterol. 2009 Sep;20(3):235-6.<\/li>\n<li><strong>Murat Alkan<\/strong>\u00a0Congenital Biliary Dilatation Turkiye Klinikleri J Pediatr Surg-Special Topics 2010;3(2):26-31<\/li>\n<li><strong>Murat Alkan<\/strong>, \u0130lknur Banli Cesur, Serdar H. \u0130skit, Recep Tuncer, I\u015f\u0131k Olcay Infantile Amyand\u2019s Hernia: Case Report Turkiye Klinikleri J Pediatr 2010;19(2):159-61<\/li>\n<li><strong>Alkan M,<\/strong>\u00a0Iskit SH, Soyupak S, Tuncer R, Okur H, Keskin E, Zorludemir U.\u00a0<a href=\"http:\/\/www.ncbi.nlm.nih.gov\/pubmed\/19680164?itool=EntrezSystem2.PEntrez.Pubmed.Pubmed_ResultsPanel.Pubmed_RVDocSum&amp;ordinalpos=4\">Severe Abdominal Trauma Involving Bicycle Handlebars in Children.<\/a>\u00a0Pediatr Emerg Care 2012 Apr;28(4):357-60.<\/li>\n<li>Dilek\u00a0\u00d6zcengiz, Beyza\u00a0Tekin Bayrak, Ersel\u00a0G\u00fcle\u00e7,\u00a0<strong>Murat\u00a0Alkan<\/strong>, Yasemin\u00a0G\u00fcne\u015f Rectus sheath block for postoperative pain relief in children undergoing major abdominal surgery Anesthesiology &amp; Clinical Science 2012 1: 5 ( 11 June 2012 )<\/li>\n<li><strong>Murat Alkan<\/strong>, Sibel Tiryaki, S\u00fcha S\u00fcreyya \u00d6zbek, Ali Avano\u011flu, \u0130brahim Ulman. The maximum anteroposterior diameter of renal pelvis changes by ghydration in cases of ureteropelvic junction obstruction Turkiye Klinikleri J Pediatr 2013;22(3):105-9<\/li>\n<li><strong>Murat Alkan,<\/strong>\u00a0Cemal Parlakg\u00fcm\u00fc\u015f, Serdar H \u0130skit, Recep Tuncer, Hasan Okur, \u00dcnal Zorludemir. Renal Sparing Surgery Using Focus Ultracision Harmonic Scalpel in Patients with Bilateral Wilm\u2019s Tumor: Case Report Balkan Med J2013; 30: 318-320<\/li>\n<li>Iskit SH, Oz\u00e7elik Z,\u00a0<strong>Alkan M<\/strong>, T\u00fcrker S, Zorludemir U. Factors Affecting the Prevalence of Gastro-oesophageal Reflux in Childhood Corrosive Oesophageal Strictures. Balkan Med J. 2014 Jun;31(2):137-42<\/li>\n<\/ol>\n<ol start=\"19\">\n<li>O Ozden, E Fak\u0131o\u011flu,\u00a0<strong>M Alkan<\/strong>, HS \u0130skit, R Tuncer, H Okur, S K\u00fcpeli, S Erdo\u011fan, S Soyupak, U Zorludemir. Five years experience in surgical treatment of Wilms Tumor Cukurova Medical Journal 2014;39(3):546-549<\/li>\n<\/ol>\n<p><strong>Book chapter authorship and thesis supervision<\/strong><\/p>\n<ol>\n<li>Pediatrik Anestezi.\u00a0<strong>Murat Alkan<\/strong>\u00a0\u00c7ocuklarda Torakoskopi sayfa 677\u00a0(Kitap b\u00f6l\u00fcm\u00fc)<\/li>\n<li>Selcan T\u00fcrker (Ar\u015f. G\u00f6r.),\u00a0<strong>Murat ALKAN<\/strong>\u00a0(Dan\u0131\u015fman) \u0130nce barsak atrezi ve stenozu olgular\u0131nda ya\u015famda kal\u0131m\u0131 etkileyen fakt\u00f6rler ve sa\u011fl\u0131kla ili\u015fkili hayat kalitesi Tez T\u00fcrk\u00e7e 2013 \u00c7ukurova \u00dcniversitesi T\u0131p Fak\u00fcltesi \u00c7ocuk Cerrahisi Anabilim Dal\u0131, library.cu.edu.tr 58 sayfa<\/li>\n<\/ol>\n<p><strong>International and national published papers<\/strong><\/p>\n<ol>\n<li>L \u00d6ndero\u011flu, B S Karam\u00fcrsel, G Bozda\u011f,\u00a0<strong>M Alkan<\/strong>, M E \u015eenocak. Results of prenatally diagnosed cases of hydoureteronephrosis at Hacettepe University, Department of Obstetric and Gynecology. ESPU, Annual Course 9-11 May, Bodrum, Turkey, 2002<\/li>\n<li><strong>M Alkan<\/strong>, A. \u00d6. \u00c7ift\u00e7i, M. E. \u015eenocak, N B\u00fcy\u00fckpamuk\u00e7u. Veziko\u00fcreteral refl\u00fclerde endoskopik sub\u00fcreterik enjeksiyon tedavisi. XXI. National Congress of Pediatric Surgery, 8-10 October, \u015eanl\u0131urfa, 2003<\/li>\n<li><strong>M Alkan<\/strong>, B Talim, A. O. \u00c7iftci, M E \u015eenocak, M \u00c7a\u011flar, N B\u00fcy\u00fckpamuk\u00e7u Sub\u00fcreteral enjeksiyon i\u00e7in kullan\u0131lan sodyum hyaluronan \u00e7\u00f6zeltisindeki dekstrnomer ve sentetik kollajen implant\u0131n\u0131n rat mesanelerinde olu\u015fturdu\u011fu histopatolojik de\u011fi\u015fiklikler. XXI. National Congress of Pediatric Surgery, 8-10 October, \u015eanl\u0131urfa, 2003<\/li>\n<li>P O\u011fuzkurt, F Kayasel\u00e7uk, \u0130 Tuncer,\u00a0<strong>M Alkan<\/strong>, A Hi\u00e7s\u00f6nmez \u0130nmemi\u015f testis, hidrosel, kas\u0131k f\u0131t\u0131\u011f\u0131 keseleri ve peritonda ekstrasel\u00fcler matriks proteinlerinin de\u011ferlendirilmesi. XXIII National Congress of Pediatric Surgery, 21-24 September, Gaziantep, 2005<\/li>\n<li>\u0130 \u015eanl\u0131alp, P O\u011fuzkurt,\u00a0<strong>Alkan M<\/strong>, SS \u00d6zalevli, A Hi\u00e7s\u00f6nmez S\u0131n\u0131rl\u0131 \u00fcretral mobilizasyon ve \u00e7epe\u00e7evre mea tabanl\u0131 ekzantrik flebli onar\u0131m yap\u0131lan distal hipospadias olgular\u0131n\u0131n de\u011ferlendirilmesi. National Congress and Update of Pediatric Urology. Marmaris 1-4 October, 2005<\/li>\n<li><strong>M Alkan<\/strong>, P O\u011fuzkurt, N Cengiz, SS \u00d6zalevli, \u0130 \u015eanl\u0131alp, A Hi\u00e7s\u00f6nmez \u00dcreteropelvik bile\u015fke darl\u0131\u011f\u0131 olgular\u0131nda deneyimlerimiz. VIII. National Congress and Update of Pediatric Urology. Marmaris 1-4 October, 2005.<\/li>\n<li>O\u011fuzkurt, F Kayasel\u00e7uk, I Tuncer,\u00a0<strong>M Alkan<\/strong>, A Hi\u00e7s\u00f6nmez \u0130nmemi\u015f testis, hidrosel, kas\u0131k f\u0131t\u0131\u011f\u0131 keseleri ve peritonda ekstrasel\u00fcler matriks proteinlerinin de\u011ferlendirilmesi. VIII. National Congress and Update of Pediatric Urology. Marmaris 1-4 October, 2005<\/li>\n<li><strong>M Alkan<\/strong>, I \u015eanl\u0131alp, SS \u00d6zalevli, I \u00d6tg\u00fcn, P O\u011fuzkurt, A Hi\u00e7s\u00f6nmez. Evaluation of the result of eccentrinc circummeatal-based flap with combined uretral mobilization technique for distal hypospadias repair. First World Congress on Hypospadias and Intersex Disorders, \u0130stanbul, 17-19 November, 2005.<\/li>\n<li>SS \u00d6zalevli, P O\u011fuzkurt,\u00a0<strong>M Alkan<\/strong>, \u0130 \u015eanl\u0131alp, A Hi\u00e7s\u00f6nmez Currarino Triad\u0131nda tan\u0131 ve tedavi g\u00fc\u00e7l\u00fckleri XXIII Ulusal \u00c7ocuk Cerrahisi Kongresi, Gaziantep, 21-24 September, 2005<\/li>\n<li>\u0130 \u015eanl\u0131alp, P O\u011fuzkurt, SS \u00d6zalevli,\u00a0<strong>M Alkan<\/strong>, F. Kayasel\u00e7uk, A Hi\u00e7s\u00f6nmez Solid ps\u00f6dopapiller t\u00fcm\u00f6r: Pankreas\u0131n nadir g\u00f6r\u00fclen bir t\u00fcm\u00f6r\u00fc. XXIII Ulusal \u00c7ocuk Cerrahisi Kongresi, Gaziantep, 21-24 September, 2005<\/li>\n<li><strong>M Alkan<\/strong>, P O\u011fuzkurt, SS Ezer, B Malbora, E \u00d6zy\u00fcrek, A Hi\u00e7s\u00f6nmez. Laparoscopic and open cholecystectomy in children with sickle cell disease. Current status and techniques in pediatric laparoscopic surgery, Luxembourg, 28- 30 September 2006<\/li>\n<li><strong>M Alkan,\u00a0<\/strong>P O\u011fuzkurt, SS Ezer, T Canpolat, A Hi\u00e7s\u00f6nmez. Soliter Pulmoner Lenfanjiom: Nadir bir akci\u011fer kisti. XXIV Ulusal \u00c7ocuk Cerrahisi Kongresi , Adana, 05-08 November 2006<\/li>\n<li><strong>M Alkan,\u00a0<\/strong>P O\u011fuzkurt, SS Ezer, B Alio\u011flu, N \u00d6zbek, A Hi\u00e7s\u00f6nmez. Orak h\u00fccre anemili \u00e7ocuklarda laparoskopik ve a\u00e7\u0131k kolesistektomi sonu\u00e7lar\u0131n\u0131n kar\u015f\u0131la\u015ft\u0131r\u0131lmas\u0131. Ulusal Hematoloji Kongresi, Antalya, 8-12 November, 2006<\/li>\n<li><strong>M Alkan,\u00a0<\/strong>P O\u011fuzkurt, SS Ezer, H G\u00fcney, A Hi\u00e7s\u00f6nmez. \u00c7ocuklarda\u00a0gastro\u00f6zofageal refl\u00fc hastal\u0131\u011f\u0131 ve ekstra-\u00f6zofageal refl\u00fc belirtileri.\u00a0Klinik sonu\u00e7lar\u0131m\u0131z. I. Ulusal Pediatrik Gastro\u00f6zofageal Refl\u00fc Kongresi, Ku\u015fadas\u0131,\u00a023-25 November, 2006<\/li>\n<li><strong>Alkan<\/strong>, S. Tiryaki, S. Ozbek, A. Avanoglu, I. Ulman. The Maximum Anteroposterior Diameter of Hydronephrotic Kidney Changes Significantly by Hydration. 20th Anniversary Congress of the ESPU. Amsterdam, The Netherlands May 6-9, 2009.<\/li>\n<\/ol>\n<ol start=\"15\">\n<li><strong>M Alkan,\u00a0<\/strong>SH \u0130skit, G G\u00fcler, C Parlakg\u00fcm\u00fc\u015f, R Tuncer, U Zorludemir, E Keskin. Laparoscopic Assisted Transumblical Approach in Neonates and Infants. 25<sup>th<\/sup>\u00a0Annual Congress Silver Jubilee, EPSA, TAPS. Page 110. 8-11 Dec 2009 Egypt<\/li>\n<li><strong>M Alkan,\u00a0<\/strong>S T\u00fcrker, SH \u0130skit, S Soyupak, R Tuncer, C Parlakg\u00fcm\u00fc\u015f, U Zorludemir, E Keskin, Severe abdominal trauma involving bicycle handlebar in children. 25<sup>th<\/sup>\u00a0Annual Congress Silver Jubilee, EPSA, TAPS. Page 55. 8-11 Dec 2009 Egypt<\/li>\n<li><strong>M Alkan,\u00a0<\/strong>D Ozcengiz, SH Iskit, C Parlakg\u00fcm\u00fc\u015f, Y G\u00fcne\u015f, R Tuncer, U Zorludemir, E Keskin Evaluation of effect of pneumoperitoneum on hemodynamic parameters during laparoscopic cholecystectomies in children: a prospective comparative study with sickle cell disease. 25<sup>th<\/sup>\u00a0Annual Congress Silver Jubilee, EPSA, TAPS. Page 108. 8-11 Dec 2009 Egypt<\/li>\n<li>S Tiryaki,\u00a0<strong>M Alkan<\/strong>, I Ulman, A Avano\u011flu, Persistent hydroureteronephrosis in posterior urethral valve patients. 25<sup>th<\/sup>\u00a0Annual Congress Silver Jubilee, EPSA, TAPS. Page 80. 8-11 Dec 2009 Egypt<\/li>\n<li>S Tiryaki,\u00a0<strong>M Alkan<\/strong>, S Ozbek, Avano\u011flu, I Ulman The maximum anteroposterior diameter of hydronephrotic kidney changes significantly by hydration. 25<sup>th<\/sup>\u00a0Annual Congress Silver Jubilee, EPSA, TAPS. Page 121. 8-11 Dec 2009 Egypt<\/li>\n<li>Mitomisin-C \u00f6zofagus yan\u0131klar\u0131na ba\u011fl\u0131 inat\u00e7\u0131 darl\u0131klar\u0131n tedavisinde etkindir. S \u0130skit, Z \u00d6z\u00e7elik, C Parlakg\u00fcm\u00fc\u015f, S T\u00fcrker,\u00a0<strong>M Alkan<\/strong>, R Tuncer, \u00dc Zorludemir. Ulusal \u00c7ocuk Cerrahisi Kongresi 2. Ulusal Pediatrik \u00dcroloji Kongresi. 14 \u2013 20 May\u0131s 2011 \u0130stanbul<\/li>\n<li>Gastro\u00f6zofageal refl\u00fc tedavisinde coll\u0131s ve uncut coll\u0131s antirefl\u00fc tekniklerinin kar\u015f\u0131la\u015ft\u0131r\u0131lmas\u0131. S \u0130skit, R Tuncer, \u00a0Z \u00d6z\u00e7elik, G G\u00fcler, \u00a0<strong>M Alkan<\/strong>, H Okur Ulusal \u00c7ocuk Cerrahisi Kongresi 2. Ulusal Pediatrik \u00dcroloji Kongresi. 14 \u2013 20 May\u0131s 2011 \u0130stanbul<\/li>\n<li>\u00c7ocuk cerrahisi yenido\u011fan yo\u011fun bak\u0131m \u00fcnitesinde sa\u011fl\u0131k bak\u0131m\u0131 ili\u015fkili enfeksiyonlar AG G\u00fcler, R Tuncer, S \u0130skit,\u00a0<strong>M Alkan,<\/strong>\u00dc Zorludemir, C Parlakg\u00fcm\u00fc\u015f, Z \u00d6z\u00e7elik Ulusal \u00c7ocuk Cerrahisi Kongresi 2. Ulusal Pediatrik \u00dcroloji Kongresi. 14 \u2013 20 May\u0131s 2011 \u0130stanbul<\/li>\n<li>Selektif hepatik arter embolizasyonu ve sa\u011f hepatektomi ile tedavi edilmi\u015f dev karaci\u011fer mezenkimal hamartomlu bir \u00e7ocuk. R Tuncer, S \u0130skit, E Aksungur, F Doran, S T\u00fcrker,\u00a0<strong>M Alkan<\/strong>\u00a0Ulusal \u00c7ocuk Cerrahisi Kongresi 2. Ulusal Pediatrik \u00dcroloji Kongresi. 14 \u2013 20 May\u0131s 2011 \u0130stanbul<\/li>\n<li>Laparoskopik omental lenfanjiom \u00e7\u0131kart\u0131lmas\u0131.\u00a0<strong>M Alkan<\/strong>, Z \u00d6z\u00e7elik, \u0130B Cesur, \u00dc Zorludemir, R Tuncer Ulusal \u00c7ocuk Cerrahisi Kongresi 2. Ulusal Pediatrik \u00dcroloji Kongresi. 14 \u2013 20 May\u0131s 2011 \u0130stanbul<\/li>\n<li>Laparoskopi ile seminal vezik\u00fcl kisti \u00e7\u0131kart\u0131lmas\u0131: Video sunumu.\u00a0<strong>M Alkan<\/strong>, \u0130B Cesur, S \u0130skit, R Tuncer, \u00dc Zorludemir Ulusal \u00c7ocuk Cerrahisi Kongresi 2. Ulusal Pediatrik \u00dcroloji Kongresi. 14 \u2013 20 May\u0131s 2011 \u0130stanbul<\/li>\n<li>Laparoskopik karaci\u011fer kisti eksizyonu.\u00a0<strong>M Alkan<\/strong>, S T\u00fcrker, C Parlakg\u00fcm\u00fc\u015f, H Okur, R Tuncer Ulusal \u00c7ocuk Cerrahisi Kongresi 2. Ulusal Pediatrik \u00dcroloji Kongresi. 14 \u2013 20 May\u0131s 2011 \u0130stanbul<\/li>\n<li>Cemal Parlakg\u00fcm\u00fc\u015f,\u00a0<strong>Murat Alkan<\/strong>, Serdar H. \u0130skit, Recep Tuncer, Unal Zorludemir. Bilateral Wilms\u2019te Harmonic Scalpel ile B\u00f6brek Koruyucu Cerrahi: 2 Olgu Sunumu. Ulusal Pediatrik \u00dcroloji Kongresi. 05-07 Nisan 2012. Bursa.<\/li>\n<li><strong>Murat Alkan,<\/strong>\u00a0Serdar H. \u0130skit, Recep Tuncer, Unal Zorludemir\u00a0<strong>\u00a0\u00dcreterosel\u00a0<\/strong>Olgular\u0131na Yakla\u015f\u0131m ve Sonu\u00e7lar\u0131. Ulusal Pediatrik \u00dcroloji Kongresi. 05-07 Nisan 2012. Bursa.<\/li>\n<li><strong>Murat Alkan<\/strong>, Serdar H. \u0130skit, Recep Tuncer, Unal Zorludemir\u00a0 Travmaya u\u011fram\u0131\u015f at nail b\u00f6brekte \u201cHARMONIC SCALPEL\u201d ile sol nefro\u00fcreterektomi. Ulusal Pediatrik \u00dcroloji Kongresi. 05-07 Nisan 2012. Bursa.<\/li>\n<li><strong>Murat Alkan<\/strong>, Serdar H. \u0130skit, Recep Tuncer, Unal Zorludemir.\u00a0Palpe edilemeyen testisli 33 \u00e7ocu\u011fun tan\u0131 ve tedavi y\u00f6netimi. Ulusal Pediatrik \u00dcroloji Kongresi. 05-07 Nisan 2012. Bursa.<\/li>\n<li>\u0130leri virilizan konjenital adrenal hiperplazide modifiye Passerini genitoplasti tekni\u011finin uygulanmas\u0131: 3 olgu sunumu. Zerrin \u00d6z\u00e7elik,\u00a0<strong>Murat Alkan<\/strong>, Serdar H. \u0130skit, Recep Tuncer, Unal Zorludemir.\u00a0 Ulusal Pediatrik \u00dcroloji Kongresi. 05-07 Nisan 2012. Bursa.<\/li>\n<li><strong>Murat Alkan,\u00a0<\/strong>\u00d6zlem \u00c7\u00f6lo\u011flu, Cemal Parlakg\u00fcm\u00fc\u015f, Serdar H \u0130skit, Recep Tuncer, Unal Zorludemir Transurethral endoscopic unroofing of a symptomatic case with type IIB urethral duplication 24<sup>th<\/sup>\u00a0Congress of the European Society for Pediatric Urology, 24-27, April, 2013, Genoa, Italy 2013 sayfa 353<\/li>\n<li><strong>Murat Alkan,\u00a0<\/strong>Selcan T\u00fcrker, Serdar \u0130skit, Recep Tuncer, Hasan Okur, \u00dcnal Zorludemir Duodenal atrezi\/web ameliyat\u0131 sonras\u0131nda trans-anastomotik beslenme sondas\u0131 kullan\u0131m\u0131 \u00c7ocuk Cerrahisi Dergisi Cilt 27, Ek say\u0131, 2013, sayfa 78<\/li>\n<li>Selcan T\u00fcrker,\u00a0<strong>Murat Alkan,<\/strong>\u00a0Serdar \u0130skit, Recep Tuncer, Hasan Okur, \u00dcnal Zorludemir \u0130nce barsak atrezi ve stenozu olgular\u0131nda ya\u015famda kal\u0131m\u0131 etkileyen fakt\u00f6rler ve sa\u011fl\u0131kla ili\u015fkili hayat kalitesi \u00c7ocuk Cerrahisi Dergisi\u00a0Cilt 27, Ek say\u0131, 2013, sayfa 77<\/li>\n<\/ol>\n<ol start=\"36\">\n<li>\u00d6zlem \u00c7\u00f6lo\u011flu,\u00a0<strong>Murat Alkan<\/strong>, Serdar \u0130skit, Recep Tuncer, \u00dcnal Zorludemir Yenido\u011fanda aksilla-torasik inguinal kistik lenfanjioman\u0131n w-plasti tekni\u011fi ile eksizyonu \u00c7ocuk Cerrahisi Dergisi Cilt 27, Ek say\u0131, 2013, sayfa 340<\/li>\n<li>\u00d6zlem \u00c7\u00f6lo\u011flu,\u00a0<strong>Murat Alkan<\/strong>, Serdar \u0130skit, Recep Tuncer, \u00dcnal Zorludemir Do\u011fumsal boyun orta hat klefti: olgu sunumu \u00c7ocuk Cerrahisi Dergisi\u00a0Cilt 27, Ek say\u0131, 2013, sayfa 384<\/li>\n<\/ol>\n<ol start=\"38\">\n<li>Funda Aydemir, Emine Ba\u011f\u0131r,\u00a0<strong>Murat Alkan<\/strong>, Serhan K\u00fcpeli, Serdar \u0130skit, \u015eeyda Erdo\u011fan, Recep Tuncer, \u00dcnal Zorludemir Peniste soliter fibr\u00f6z tumor \u00c7ocuk Cerrahisi Dergisi Cilt 27, Ek say\u0131, 2013, sayfa 315<\/li>\n<li>\u00d6zlem \u00c7\u00f6lo\u011flu, Arbil A\u00e7\u0131kal\u0131n,\u00a0<strong>Murat Alkan<\/strong>, Serdar \u0130skit, Recep Tuncer, \u00dcnal Zorludemir Al\u0131\u015f\u0131lmad\u0131k yerle\u015fimli dev konjenital melanositik nevus: olgu sunumu \u00c7ocuk Cerrahisi Dergisi Cilt 27, Ek say\u0131, 2013, sayfa 314<\/li>\n<li>K Tutus,\u00a0<strong>M Alkan<\/strong>, E Fak\u0131o\u011flu, SH Iskit, S Erdogan, S Soyupak, R Tuncer, U Zorludemir. Kist hidati\u011fi taklit eden retrovezikal yerle\u015fimli b\u00fcy\u00fck m\u00fclleriyan kanal kisti. \u00c7ocuk Cerrahisi Dergisi. Kongre \u00f6zel say\u0131s\u0131. Volume 29, supplement, 2014, sayfa 276<\/li>\n<li>K Tutus,\u00a0<strong>M Alkan<\/strong>, O Ozden, \u015e Erdo\u011fan, S K\u00fcpeli, \u00dc Zorludemir. Mesanenin inflamatuvar myelofibroblastik t\u00fcm\u00f6r\u00fc; olgu sunumu. \u00c7ocuk Cerrahisi Dergisi. Kongre \u00f6zel say\u0131s\u0131. Volume 29, supplement, 2014, sayfa 277<\/li>\n<li>O Ozden, E Fak\u0131o\u011flu,\u00a0<strong>M Alkan<\/strong>, HS Iskit, R Tuncer, H Okur, S K\u00fcpeli, S Soyupak, S Erdo\u011fan, U Zorludemir. Cerrahi tedavi uygulanan Wilms t\u00fcm\u00f6rl\u00fc 50 \u00e7ocu\u011fun de\u011ferlendirilmesi. \u00c7ocuk Cerrahisi Dergisi. Kongre \u00f6zel say\u0131s\u0131. Volume 29, supplement, 2014, sayfa 109<\/li>\n<\/ol>","protected":false},"excerpt":{"rendered":"<p>Uluslararas\u0131 ve ulusal yay\u0131nlanm\u0131\u015f makaleleri Alkan M,\u00a0Karnak I, Ciftci AO, Tanyel FC. Thymic teratoma or thymic remnant attached to mediastinal teratoma? The cellular origin of mediastinal teratomas revisited. Eur J Pediatr Surg. 2004 Apr;14(2):117-9. Alkan M,\u00a0Buyukyavuz I, Dogru D, Yalcin E, Karnak I. Tracheoesophageal fistula due to disc-battery ingestion. Eur J Pediatr Surg. 2004 Aug;14(4):274-8. [&hellip;]<\/p>","protected":false},"author":1,"featured_media":0,"parent":0,"menu_order":0,"comment_status":"closed","ping_status":"closed","template":"","meta":{"footnotes":""},"class_list":["post-824","page","type-page","status-publish","hentry"],"_links":{"self":[{"href":"https:\/\/www.hypospadiasclinic.com\/en\/wp-json\/wp\/v2\/pages\/824","targetHints":{"allow":["GET"]}}],"collection":[{"href":"https:\/\/www.hypospadiasclinic.com\/en\/wp-json\/wp\/v2\/pages"}],"about":[{"href":"https:\/\/www.hypospadiasclinic.com\/en\/wp-json\/wp\/v2\/types\/page"}],"author":[{"embeddable":true,"href":"https:\/\/www.hypospadiasclinic.com\/en\/wp-json\/wp\/v2\/users\/1"}],"replies":[{"embeddable":true,"href":"https:\/\/www.hypospadiasclinic.com\/en\/wp-json\/wp\/v2\/comments?post=824"}],"version-history":[{"count":1,"href":"https:\/\/www.hypospadiasclinic.com\/en\/wp-json\/wp\/v2\/pages\/824\/revisions"}],"predecessor-version":[{"id":825,"href":"https:\/\/www.hypospadiasclinic.com\/en\/wp-json\/wp\/v2\/pages\/824\/revisions\/825"}],"wp:attachment":[{"href":"https:\/\/www.hypospadiasclinic.com\/en\/wp-json\/wp\/v2\/media?parent=824"}],"curies":[{"name":"wp","href":"https:\/\/api.w.org\/{rel}","templated":true}]}}